{"id":453,"date":"2016-06-23T14:49:09","date_gmt":"2016-06-23T18:49:09","guid":{"rendered":"\/?page_id=453"},"modified":"2018-04-05T11:13:22","modified_gmt":"2018-04-05T15:13:22","slug":"accueil","status":"publish","type":"page","link":"https:\/\/helenetheoret.com\/en\/","title":{"rendered":"Home"},"content":{"rendered":"","protected":false},"excerpt":{"rendered":"","protected":false},"author":121,"featured_media":0,"parent":0,"menu_order":0,"comment_status":"closed","ping_status":"closed","template":"home.php","meta":{"_acf_changed":false,"footnotes":""},"class_list":["post-453","page","type-page","status-publish","hentry"],"acf":[],"yoast_head":"<!-- This site is optimized with the Yoast SEO plugin v26.7 - https:\/\/yoast.com\/wordpress\/plugins\/seo\/ -->\n<title>Courtier immobilier Gatineau Outaouais - H\u00e9l\u00e8ne Th\u00e9or\u00eat D.A.<\/title>\n<meta name=\"description\" content=\"Courtier immobilier agr\u00e9\u00e9, H\u00e9l\u00e8ne Th\u00e9or\u00eat vous propose un grand nombre de propri\u00e9t\u00e9s \u00e0 acheter et \u00e0 vendre \u00e0 Gatineau et dans la r\u00e9gion de l&#039;Outaouais.\" \/>\n<meta name=\"robots\" content=\"index, follow, max-snippet:-1, max-image-preview:large, max-video-preview:-1\" \/>\n<link rel=\"canonical\" href=\"https:\/\/helenetheoret.com\/\" \/>\n<meta property=\"og:locale\" content=\"en_US\" \/>\n<meta property=\"og:type\" content=\"article\" \/>\n<meta property=\"og:title\" content=\"Courtier immobilier Gatineau Outaouais - H\u00e9l\u00e8ne Th\u00e9or\u00eat D.A.\" \/>\n<meta property=\"og:description\" content=\"Courtier immobilier agr\u00e9\u00e9, H\u00e9l\u00e8ne Th\u00e9or\u00eat vous propose un grand nombre de propri\u00e9t\u00e9s \u00e0 acheter et \u00e0 vendre \u00e0 Gatineau et dans la r\u00e9gion de l&#039;Outaouais.\" \/>\n<meta property=\"og:url\" content=\"https:\/\/helenetheoret.com\/\" \/>\n<meta property=\"og:site_name\" content=\"H\u00e9l\u00e8ne Th\u00e9or\u00eat\" \/>\n<meta property=\"article:modified_time\" content=\"2018-04-05T15:13:22+00:00\" \/>\n<meta name=\"twitter:card\" content=\"summary_large_image\" \/>\n<script type=\"application\/ld+json\" class=\"yoast-schema-graph\">{\"@context\":\"https:\/\/schema.org\",\"@graph\":[{\"@type\":\"WebPage\",\"@id\":\"https:\/\/helenetheoret.com\/\",\"url\":\"https:\/\/helenetheoret.com\/\",\"name\":\"Courtier immobilier Gatineau Outaouais - H\u00e9l\u00e8ne Th\u00e9or\u00eat D.A.\",\"isPartOf\":{\"@id\":\"https:\/\/helenetheoret.com\/#website\"},\"datePublished\":\"2016-06-23T18:49:09+00:00\",\"dateModified\":\"2018-04-05T15:13:22+00:00\",\"description\":\"Courtier immobilier agr\u00e9\u00e9, H\u00e9l\u00e8ne Th\u00e9or\u00eat vous propose un grand nombre de propri\u00e9t\u00e9s \u00e0 acheter et \u00e0 vendre \u00e0 Gatineau et dans la r\u00e9gion de l'Outaouais.\",\"breadcrumb\":{\"@id\":\"https:\/\/helenetheoret.com\/#breadcrumb\"},\"inLanguage\":\"en-US\",\"potentialAction\":[{\"@type\":\"ReadAction\",\"target\":[\"https:\/\/helenetheoret.com\/\"]}]},{\"@type\":\"BreadcrumbList\",\"@id\":\"https:\/\/helenetheoret.com\/#breadcrumb\",\"itemListElement\":[{\"@type\":\"ListItem\",\"position\":1,\"name\":\"Accueil\",\"item\":\"https:\/\/helenetheoret.com\/\"},{\"@type\":\"ListItem\",\"position\":2,\"name\":\"Accueil\"}]},{\"@type\":\"WebSite\",\"@id\":\"https:\/\/helenetheoret.com\/#website\",\"url\":\"https:\/\/helenetheoret.com\/\",\"name\":\"H\u00e9l\u00e8ne Th\u00e9or\u00eat\",\"description\":\"Courtier immobilier outaouais - Gatineau\",\"potentialAction\":[{\"@type\":\"SearchAction\",\"target\":{\"@type\":\"EntryPoint\",\"urlTemplate\":\"https:\/\/helenetheoret.com\/?s={search_term_string}\"},\"query-input\":{\"@type\":\"PropertyValueSpecification\",\"valueRequired\":true,\"valueName\":\"search_term_string\"}}],\"inLanguage\":\"en-US\"}]}<\/script>\n<!-- \/ Yoast SEO plugin. -->","yoast_head_json":{"title":"Courtier immobilier Gatineau Outaouais - H\u00e9l\u00e8ne Th\u00e9or\u00eat D.A.","description":"Courtier immobilier agr\u00e9\u00e9, H\u00e9l\u00e8ne Th\u00e9or\u00eat vous propose un grand nombre de propri\u00e9t\u00e9s \u00e0 acheter et \u00e0 vendre \u00e0 Gatineau et dans la r\u00e9gion de l'Outaouais.","robots":{"index":"index","follow":"follow","max-snippet":"max-snippet:-1","max-image-preview":"max-image-preview:large","max-video-preview":"max-video-preview:-1"},"canonical":"https:\/\/helenetheoret.com\/","og_locale":"en_US","og_type":"article","og_title":"Courtier immobilier Gatineau Outaouais - H\u00e9l\u00e8ne Th\u00e9or\u00eat D.A.","og_description":"Courtier immobilier agr\u00e9\u00e9, H\u00e9l\u00e8ne Th\u00e9or\u00eat vous propose un grand nombre de propri\u00e9t\u00e9s \u00e0 acheter et \u00e0 vendre \u00e0 Gatineau et dans la r\u00e9gion de l'Outaouais.","og_url":"https:\/\/helenetheoret.com\/","og_site_name":"H\u00e9l\u00e8ne Th\u00e9or\u00eat","article_modified_time":"2018-04-05T15:13:22+00:00","twitter_card":"summary_large_image","schema":{"@context":"https:\/\/schema.org","@graph":[{"@type":"WebPage","@id":"https:\/\/helenetheoret.com\/","url":"https:\/\/helenetheoret.com\/","name":"Courtier immobilier Gatineau Outaouais - H\u00e9l\u00e8ne Th\u00e9or\u00eat D.A.","isPartOf":{"@id":"https:\/\/helenetheoret.com\/#website"},"datePublished":"2016-06-23T18:49:09+00:00","dateModified":"2018-04-05T15:13:22+00:00","description":"Courtier immobilier agr\u00e9\u00e9, H\u00e9l\u00e8ne Th\u00e9or\u00eat vous propose un grand nombre de propri\u00e9t\u00e9s \u00e0 acheter et \u00e0 vendre \u00e0 Gatineau et dans la r\u00e9gion de l'Outaouais.","breadcrumb":{"@id":"https:\/\/helenetheoret.com\/#breadcrumb"},"inLanguage":"en-US","potentialAction":[{"@type":"ReadAction","target":["https:\/\/helenetheoret.com\/"]}]},{"@type":"BreadcrumbList","@id":"https:\/\/helenetheoret.com\/#breadcrumb","itemListElement":[{"@type":"ListItem","position":1,"name":"Accueil","item":"https:\/\/helenetheoret.com\/"},{"@type":"ListItem","position":2,"name":"Accueil"}]},{"@type":"WebSite","@id":"https:\/\/helenetheoret.com\/#website","url":"https:\/\/helenetheoret.com\/","name":"H\u00e9l\u00e8ne Th\u00e9or\u00eat","description":"Courtier immobilier outaouais - Gatineau","potentialAction":[{"@type":"SearchAction","target":{"@type":"EntryPoint","urlTemplate":"https:\/\/helenetheoret.com\/?s={search_term_string}"},"query-input":{"@type":"PropertyValueSpecification","valueRequired":true,"valueName":"search_term_string"}}],"inLanguage":"en-US"}]}},"_links":{"self":[{"href":"https:\/\/helenetheoret.com\/en\/wp-json\/wp\/v2\/pages\/453","targetHints":{"allow":["GET"]}}],"collection":[{"href":"https:\/\/helenetheoret.com\/en\/wp-json\/wp\/v2\/pages"}],"about":[{"href":"https:\/\/helenetheoret.com\/en\/wp-json\/wp\/v2\/types\/page"}],"author":[{"embeddable":true,"href":"https:\/\/helenetheoret.com\/en\/wp-json\/wp\/v2\/users\/121"}],"replies":[{"embeddable":true,"href":"https:\/\/helenetheoret.com\/en\/wp-json\/wp\/v2\/comments?post=453"}],"version-history":[{"count":1,"href":"https:\/\/helenetheoret.com\/en\/wp-json\/wp\/v2\/pages\/453\/revisions"}],"predecessor-version":[{"id":505,"href":"https:\/\/helenetheoret.com\/en\/wp-json\/wp\/v2\/pages\/453\/revisions\/505"}],"wp:attachment":[{"href":"https:\/\/helenetheoret.com\/en\/wp-json\/wp\/v2\/media?parent=453"}],"curies":[{"name":"wp","href":"https:\/\/api.w.org\/{rel}","templated":true}]}}