{"id":236,"date":"2012-05-25T13:38:15","date_gmt":"2012-05-25T13:38:15","guid":{"rendered":"http:\/\/aliquando.id-3.net\/?page_id=236"},"modified":"2016-06-29T10:09:52","modified_gmt":"2016-06-29T14:09:52","slug":"calculateur-de-droits-de-mutation","status":"publish","type":"page","link":"https:\/\/helenetheoret.com\/en\/outils\/calculateur-de-droits-de-mutation\/","title":{"rendered":"Land transfer calculator"},"content":{"rendered":"<p>&nbsp;<\/p>","protected":false},"excerpt":{"rendered":"<p>&nbsp;<\/p>\n","protected":false},"author":1,"featured_media":0,"parent":226,"menu_order":0,"comment_status":"open","ping_status":"open","template":"t_tools_tax_transfer.php","meta":{"_acf_changed":false,"footnotes":""},"class_list":["post-236","page","type-page","status-publish","hentry"],"acf":[],"yoast_head":"<!-- This site is optimized with the Yoast SEO plugin v26.7 - https:\/\/yoast.com\/wordpress\/plugins\/seo\/ -->\n<title>Land transfer tax Welcome Tax Calculator<\/title>\n<meta name=\"description\" content=\"To calculate the Land transfer tax, also known as the Welcome Tax, use the calculator of Helen Theoret, realtor. Info: 819-771-2266.\" \/>\n<meta name=\"robots\" content=\"index, follow, max-snippet:-1, max-image-preview:large, max-video-preview:-1\" \/>\n<link rel=\"canonical\" href=\"https:\/\/helenetheoret.com\/en\/outils\/calculateur-de-droits-de-mutation\/\" \/>\n<meta property=\"og:locale\" content=\"en_US\" \/>\n<meta property=\"og:type\" content=\"article\" \/>\n<meta property=\"og:title\" content=\"Land transfer tax Welcome Tax Calculator\" \/>\n<meta property=\"og:description\" content=\"To calculate the Land transfer tax, also known as the Welcome Tax, use the calculator of Helen Theoret, realtor. Info: 819-771-2266.\" \/>\n<meta property=\"og:url\" content=\"https:\/\/helenetheoret.com\/en\/outils\/calculateur-de-droits-de-mutation\/\" \/>\n<meta property=\"og:site_name\" content=\"H\u00e9l\u00e8ne Th\u00e9or\u00eat\" \/>\n<meta property=\"article:modified_time\" content=\"2016-06-29T14:09:52+00:00\" \/>\n<meta name=\"twitter:card\" content=\"summary_large_image\" \/>\n<script type=\"application\/ld+json\" class=\"yoast-schema-graph\">{\"@context\":\"https:\/\/schema.org\",\"@graph\":[{\"@type\":\"WebPage\",\"@id\":\"https:\/\/helenetheoret.com\/en\/outils\/calculateur-de-droits-de-mutation\/\",\"url\":\"https:\/\/helenetheoret.com\/en\/outils\/calculateur-de-droits-de-mutation\/\",\"name\":\"Land transfer tax Welcome Tax Calculator\",\"isPartOf\":{\"@id\":\"https:\/\/helenetheoret.com\/#website\"},\"datePublished\":\"2012-05-25T13:38:15+00:00\",\"dateModified\":\"2016-06-29T14:09:52+00:00\",\"description\":\"To calculate the Land transfer tax, also known as the Welcome Tax, use the calculator of Helen Theoret, realtor. Info: 819-771-2266.\",\"breadcrumb\":{\"@id\":\"https:\/\/helenetheoret.com\/en\/outils\/calculateur-de-droits-de-mutation\/#breadcrumb\"},\"inLanguage\":\"en-US\",\"potentialAction\":[{\"@type\":\"ReadAction\",\"target\":[\"https:\/\/helenetheoret.com\/en\/outils\/calculateur-de-droits-de-mutation\/\"]}]},{\"@type\":\"BreadcrumbList\",\"@id\":\"https:\/\/helenetheoret.com\/en\/outils\/calculateur-de-droits-de-mutation\/#breadcrumb\",\"itemListElement\":[{\"@type\":\"ListItem\",\"position\":1,\"name\":\"Accueil\",\"item\":\"https:\/\/helenetheoret.com\/\"},{\"@type\":\"ListItem\",\"position\":2,\"name\":\"Tools\",\"item\":\"https:\/\/helenetheoret.com\/en\/outils\/\"},{\"@type\":\"ListItem\",\"position\":3,\"name\":\"Land transfer calculator\"}]},{\"@type\":\"WebSite\",\"@id\":\"https:\/\/helenetheoret.com\/#website\",\"url\":\"https:\/\/helenetheoret.com\/\",\"name\":\"H\u00e9l\u00e8ne Th\u00e9or\u00eat\",\"description\":\"Courtier immobilier outaouais - Gatineau\",\"potentialAction\":[{\"@type\":\"SearchAction\",\"target\":{\"@type\":\"EntryPoint\",\"urlTemplate\":\"https:\/\/helenetheoret.com\/?s={search_term_string}\"},\"query-input\":{\"@type\":\"PropertyValueSpecification\",\"valueRequired\":true,\"valueName\":\"search_term_string\"}}],\"inLanguage\":\"en-US\"}]}<\/script>\n<!-- \/ Yoast SEO plugin. -->","yoast_head_json":{"title":"Land transfer tax Welcome Tax Calculator","description":"To calculate the Land transfer tax, also known as the Welcome Tax, use the calculator of Helen Theoret, realtor. Info: 819-771-2266.","robots":{"index":"index","follow":"follow","max-snippet":"max-snippet:-1","max-image-preview":"max-image-preview:large","max-video-preview":"max-video-preview:-1"},"canonical":"https:\/\/helenetheoret.com\/en\/outils\/calculateur-de-droits-de-mutation\/","og_locale":"en_US","og_type":"article","og_title":"Land transfer tax Welcome Tax Calculator","og_description":"To calculate the Land transfer tax, also known as the Welcome Tax, use the calculator of Helen Theoret, realtor. Info: 819-771-2266.","og_url":"https:\/\/helenetheoret.com\/en\/outils\/calculateur-de-droits-de-mutation\/","og_site_name":"H\u00e9l\u00e8ne Th\u00e9or\u00eat","article_modified_time":"2016-06-29T14:09:52+00:00","twitter_card":"summary_large_image","schema":{"@context":"https:\/\/schema.org","@graph":[{"@type":"WebPage","@id":"https:\/\/helenetheoret.com\/en\/outils\/calculateur-de-droits-de-mutation\/","url":"https:\/\/helenetheoret.com\/en\/outils\/calculateur-de-droits-de-mutation\/","name":"Land transfer tax Welcome Tax Calculator","isPartOf":{"@id":"https:\/\/helenetheoret.com\/#website"},"datePublished":"2012-05-25T13:38:15+00:00","dateModified":"2016-06-29T14:09:52+00:00","description":"To calculate the Land transfer tax, also known as the Welcome Tax, use the calculator of Helen Theoret, realtor. Info: 819-771-2266.","breadcrumb":{"@id":"https:\/\/helenetheoret.com\/en\/outils\/calculateur-de-droits-de-mutation\/#breadcrumb"},"inLanguage":"en-US","potentialAction":[{"@type":"ReadAction","target":["https:\/\/helenetheoret.com\/en\/outils\/calculateur-de-droits-de-mutation\/"]}]},{"@type":"BreadcrumbList","@id":"https:\/\/helenetheoret.com\/en\/outils\/calculateur-de-droits-de-mutation\/#breadcrumb","itemListElement":[{"@type":"ListItem","position":1,"name":"Accueil","item":"https:\/\/helenetheoret.com\/"},{"@type":"ListItem","position":2,"name":"Tools","item":"https:\/\/helenetheoret.com\/en\/outils\/"},{"@type":"ListItem","position":3,"name":"Land transfer calculator"}]},{"@type":"WebSite","@id":"https:\/\/helenetheoret.com\/#website","url":"https:\/\/helenetheoret.com\/","name":"H\u00e9l\u00e8ne Th\u00e9or\u00eat","description":"Courtier immobilier outaouais - Gatineau","potentialAction":[{"@type":"SearchAction","target":{"@type":"EntryPoint","urlTemplate":"https:\/\/helenetheoret.com\/?s={search_term_string}"},"query-input":{"@type":"PropertyValueSpecification","valueRequired":true,"valueName":"search_term_string"}}],"inLanguage":"en-US"}]}},"_links":{"self":[{"href":"https:\/\/helenetheoret.com\/en\/wp-json\/wp\/v2\/pages\/236","targetHints":{"allow":["GET"]}}],"collection":[{"href":"https:\/\/helenetheoret.com\/en\/wp-json\/wp\/v2\/pages"}],"about":[{"href":"https:\/\/helenetheoret.com\/en\/wp-json\/wp\/v2\/types\/page"}],"author":[{"embeddable":true,"href":"https:\/\/helenetheoret.com\/en\/wp-json\/wp\/v2\/users\/1"}],"replies":[{"embeddable":true,"href":"https:\/\/helenetheoret.com\/en\/wp-json\/wp\/v2\/comments?post=236"}],"version-history":[{"count":0,"href":"https:\/\/helenetheoret.com\/en\/wp-json\/wp\/v2\/pages\/236\/revisions"}],"up":[{"embeddable":true,"href":"https:\/\/helenetheoret.com\/en\/wp-json\/wp\/v2\/pages\/226"}],"wp:attachment":[{"href":"https:\/\/helenetheoret.com\/en\/wp-json\/wp\/v2\/media?parent=236"}],"curies":[{"name":"wp","href":"https:\/\/api.w.org\/{rel}","templated":true}]}}