{"id":123,"date":"2012-05-11T19:07:45","date_gmt":"2012-05-11T19:07:45","guid":{"rendered":"http:\/\/public.mediasimple.ca\/remax_papachristou\/?page_id=123"},"modified":"2016-06-27T20:43:15","modified_gmt":"2016-06-28T00:43:15","slug":"pour-vendre-rapidement-faites-bonne-impression","status":"publish","type":"page","link":"https:\/\/helenetheoret.com\/en\/vendre-2\/pour-vendre-rapidement-faites-bonne-impression\/","title":{"rendered":"To Sell Quickly, Make a Good First Impression!"},"content":{"rendered":"<p>When the time comes to sell your home, you only have one chance to make a first impression.<\/p>\n<p><strong>The Exterior<\/strong><br \/>\nThe exterior appearance of your home is extremely important. An inviting exterior will attract buyers and encourage them to visit the inside of your home. Your lawn should be well maintained and, during the winter months, keep some photos of your lawn handy so that visitors can see what it looks like during the summer. Cleanliness is essential, so a cleared entrance and clean windows will also make a big difference.<\/p>\n<p><strong>The Interior<\/strong><br \/>\nInside, neatness is key. Clean your home from top to bottom and get rid of all unnecessary items. Remove any old furniture that is obstructing the hallways or cluttering up the rooms. Clear out any open spaces so that visitors don&#8217;t feel cramped.<\/p>\n<p>Does the home need a fresh coat of paint? Newly painted properties often sell for more. Remember that dark colours can be detrimental to a sale. Instead, choose brighter, more appealing neutral tones. Your carpet&#8217;s appearance can also be a determining factor. If you can&#8217;t replace your carpeting, having it cleaned will help give the rooms a refreshing new look.<\/p>\n<p>The kitchen and bathroom must be immaculate. Take the time to clean all appliances and faucets, as well as the bathtub, toilet and sink. Unclutter the counters and don&#8217;t leave any dirty dishes in the sink or towels around the tub. Give buyers a chance to visualize all storage possibilities.<\/p>\n<p>Throughout your home, fix leaky taps, defective door handles, as well as drawers and cupboard doors that don&#8217;t close properly. Replace burnt light bulbs and yellowed switch plates. Most of these minor repairs are relatively inexpensive and will help visitors form a positive opinion of your home.<\/p>\n<p><strong>Creating Ambiance<\/strong><br \/>\nYour home must be well lit. During the day, keep the curtains open and turn lamps on in the evening. If necessary, add lamps in dark corners. Make sure your home is well-ventilated so that visitors aren&#8217;t turned off by strong odours such as incense or spicy foods.<\/p>\n<p>It&#8217;s important to be discrete when potential buyers are visiting. Leave your broker alone with the client. It will be easier for the broker to highlight your home&#8217;s strong points and the visitor will be able to voice comments and impressions freely.<\/p>\n<p>SOURCE: <a title=\"CENTRIS.CA\" href=\"http:\/\/www.centris.ca\" target=\"_blank\">CENTRIS.CA<\/a><\/p>","protected":false},"excerpt":{"rendered":"<p>When the time comes to sell your home, you only have one chance to make a first impression. The Exterior The exterior appearance of your home is extremely important. An inviting exterior will attract buyers and encourage them to visit the inside of your home. Your lawn should be well maintained and, during the winter [&hellip;]<\/p>\n","protected":false},"author":1,"featured_media":0,"parent":15,"menu_order":0,"comment_status":"open","ping_status":"closed","template":"","meta":{"_acf_changed":false,"footnotes":""},"class_list":["post-123","page","type-page","status-publish","hentry"],"acf":[],"yoast_head":"<!-- This site is optimized with the Yoast SEO plugin v26.7 - https:\/\/yoast.com\/wordpress\/plugins\/seo\/ -->\n<title>Sell your house fast Real estate broker tips<\/title>\n<meta name=\"description\" content=\"When it comes time to sell your property, you have one chance to make the right impression. For information: 819-771-2266.\" \/>\n<meta name=\"robots\" content=\"index, follow, max-snippet:-1, max-image-preview:large, max-video-preview:-1\" \/>\n<link rel=\"canonical\" href=\"https:\/\/helenetheoret.com\/en\/vendre-2\/pour-vendre-rapidement-faites-bonne-impression\/\" \/>\n<meta property=\"og:locale\" content=\"en_US\" \/>\n<meta property=\"og:type\" content=\"article\" \/>\n<meta property=\"og:title\" content=\"Sell your house fast Real estate broker tips\" \/>\n<meta property=\"og:description\" content=\"When it comes time to sell your property, you have one chance to make the right impression. For information: 819-771-2266.\" \/>\n<meta property=\"og:url\" content=\"https:\/\/helenetheoret.com\/en\/vendre-2\/pour-vendre-rapidement-faites-bonne-impression\/\" \/>\n<meta property=\"og:site_name\" content=\"H\u00e9l\u00e8ne Th\u00e9or\u00eat\" \/>\n<meta property=\"article:modified_time\" content=\"2016-06-28T00:43:15+00:00\" \/>\n<meta name=\"twitter:card\" content=\"summary_large_image\" \/>\n<meta name=\"twitter:label1\" content=\"Est. reading time\" \/>\n\t<meta name=\"twitter:data1\" content=\"4 minutes\" \/>\n<script type=\"application\/ld+json\" class=\"yoast-schema-graph\">{\"@context\":\"https:\/\/schema.org\",\"@graph\":[{\"@type\":\"WebPage\",\"@id\":\"https:\/\/helenetheoret.com\/en\/vendre-2\/pour-vendre-rapidement-faites-bonne-impression\/\",\"url\":\"https:\/\/helenetheoret.com\/en\/vendre-2\/pour-vendre-rapidement-faites-bonne-impression\/\",\"name\":\"Sell your house fast Real estate broker tips\",\"isPartOf\":{\"@id\":\"https:\/\/helenetheoret.com\/#website\"},\"datePublished\":\"2012-05-11T19:07:45+00:00\",\"dateModified\":\"2016-06-28T00:43:15+00:00\",\"description\":\"When it comes time to sell your property, you have one chance to make the right impression. For information: 819-771-2266.\",\"breadcrumb\":{\"@id\":\"https:\/\/helenetheoret.com\/en\/vendre-2\/pour-vendre-rapidement-faites-bonne-impression\/#breadcrumb\"},\"inLanguage\":\"en-US\",\"potentialAction\":[{\"@type\":\"ReadAction\",\"target\":[\"https:\/\/helenetheoret.com\/en\/vendre-2\/pour-vendre-rapidement-faites-bonne-impression\/\"]}]},{\"@type\":\"BreadcrumbList\",\"@id\":\"https:\/\/helenetheoret.com\/en\/vendre-2\/pour-vendre-rapidement-faites-bonne-impression\/#breadcrumb\",\"itemListElement\":[{\"@type\":\"ListItem\",\"position\":1,\"name\":\"Accueil\",\"item\":\"https:\/\/helenetheoret.com\/\"},{\"@type\":\"ListItem\",\"position\":2,\"name\":\"Vendre\",\"item\":\"https:\/\/helenetheoret.com\/vendre-2\/\"},{\"@type\":\"ListItem\",\"position\":3,\"name\":\"To Sell Quickly, Make a Good First Impression!\"}]},{\"@type\":\"WebSite\",\"@id\":\"https:\/\/helenetheoret.com\/#website\",\"url\":\"https:\/\/helenetheoret.com\/\",\"name\":\"H\u00e9l\u00e8ne Th\u00e9or\u00eat\",\"description\":\"Courtier immobilier outaouais - Gatineau\",\"potentialAction\":[{\"@type\":\"SearchAction\",\"target\":{\"@type\":\"EntryPoint\",\"urlTemplate\":\"https:\/\/helenetheoret.com\/?s={search_term_string}\"},\"query-input\":{\"@type\":\"PropertyValueSpecification\",\"valueRequired\":true,\"valueName\":\"search_term_string\"}}],\"inLanguage\":\"en-US\"}]}<\/script>\n<!-- \/ Yoast SEO plugin. -->","yoast_head_json":{"title":"Sell your house fast Real estate broker tips","description":"When it comes time to sell your property, you have one chance to make the right impression. For information: 819-771-2266.","robots":{"index":"index","follow":"follow","max-snippet":"max-snippet:-1","max-image-preview":"max-image-preview:large","max-video-preview":"max-video-preview:-1"},"canonical":"https:\/\/helenetheoret.com\/en\/vendre-2\/pour-vendre-rapidement-faites-bonne-impression\/","og_locale":"en_US","og_type":"article","og_title":"Sell your house fast Real estate broker tips","og_description":"When it comes time to sell your property, you have one chance to make the right impression. For information: 819-771-2266.","og_url":"https:\/\/helenetheoret.com\/en\/vendre-2\/pour-vendre-rapidement-faites-bonne-impression\/","og_site_name":"H\u00e9l\u00e8ne Th\u00e9or\u00eat","article_modified_time":"2016-06-28T00:43:15+00:00","twitter_card":"summary_large_image","twitter_misc":{"Est. reading time":"4 minutes"},"schema":{"@context":"https:\/\/schema.org","@graph":[{"@type":"WebPage","@id":"https:\/\/helenetheoret.com\/en\/vendre-2\/pour-vendre-rapidement-faites-bonne-impression\/","url":"https:\/\/helenetheoret.com\/en\/vendre-2\/pour-vendre-rapidement-faites-bonne-impression\/","name":"Sell your house fast Real estate broker tips","isPartOf":{"@id":"https:\/\/helenetheoret.com\/#website"},"datePublished":"2012-05-11T19:07:45+00:00","dateModified":"2016-06-28T00:43:15+00:00","description":"When it comes time to sell your property, you have one chance to make the right impression. For information: 819-771-2266.","breadcrumb":{"@id":"https:\/\/helenetheoret.com\/en\/vendre-2\/pour-vendre-rapidement-faites-bonne-impression\/#breadcrumb"},"inLanguage":"en-US","potentialAction":[{"@type":"ReadAction","target":["https:\/\/helenetheoret.com\/en\/vendre-2\/pour-vendre-rapidement-faites-bonne-impression\/"]}]},{"@type":"BreadcrumbList","@id":"https:\/\/helenetheoret.com\/en\/vendre-2\/pour-vendre-rapidement-faites-bonne-impression\/#breadcrumb","itemListElement":[{"@type":"ListItem","position":1,"name":"Accueil","item":"https:\/\/helenetheoret.com\/"},{"@type":"ListItem","position":2,"name":"Vendre","item":"https:\/\/helenetheoret.com\/vendre-2\/"},{"@type":"ListItem","position":3,"name":"To Sell Quickly, Make a Good First Impression!"}]},{"@type":"WebSite","@id":"https:\/\/helenetheoret.com\/#website","url":"https:\/\/helenetheoret.com\/","name":"H\u00e9l\u00e8ne Th\u00e9or\u00eat","description":"Courtier immobilier outaouais - Gatineau","potentialAction":[{"@type":"SearchAction","target":{"@type":"EntryPoint","urlTemplate":"https:\/\/helenetheoret.com\/?s={search_term_string}"},"query-input":{"@type":"PropertyValueSpecification","valueRequired":true,"valueName":"search_term_string"}}],"inLanguage":"en-US"}]}},"_links":{"self":[{"href":"https:\/\/helenetheoret.com\/en\/wp-json\/wp\/v2\/pages\/123","targetHints":{"allow":["GET"]}}],"collection":[{"href":"https:\/\/helenetheoret.com\/en\/wp-json\/wp\/v2\/pages"}],"about":[{"href":"https:\/\/helenetheoret.com\/en\/wp-json\/wp\/v2\/types\/page"}],"author":[{"embeddable":true,"href":"https:\/\/helenetheoret.com\/en\/wp-json\/wp\/v2\/users\/1"}],"replies":[{"embeddable":true,"href":"https:\/\/helenetheoret.com\/en\/wp-json\/wp\/v2\/comments?post=123"}],"version-history":[{"count":0,"href":"https:\/\/helenetheoret.com\/en\/wp-json\/wp\/v2\/pages\/123\/revisions"}],"up":[{"embeddable":true,"href":"https:\/\/helenetheoret.com\/en\/wp-json\/wp\/v2\/pages\/15"}],"wp:attachment":[{"href":"https:\/\/helenetheoret.com\/en\/wp-json\/wp\/v2\/media?parent=123"}],"curies":[{"name":"wp","href":"https:\/\/api.w.org\/{rel}","templated":true}]}}